{"id":3119,"date":"2022-07-14T22:43:22","date_gmt":"2022-07-15T06:43:22","guid":{"rendered":"https:\/\/www.iotgallop.com\/?page_id=3119"},"modified":"2022-10-06T01:20:26","modified_gmt":"2022-10-06T09:20:26","slug":"sitemap","status":"publish","type":"page","link":"https:\/\/www.iotgallop.com\/fr\/site-map\/","title":{"rendered":"Plan du site"},"content":{"rendered":"<div data-elementor-type=\"wp-page\" data-elementor-id=\"3119\" class=\"elementor elementor-3119\" data-elementor-post-type=\"page\">\n\t\t\t\t\t\t<section class=\"elementor-section elementor-top-section elementor-element elementor-element-b598162 elementor-section-boxed elementor-section-height-default elementor-section-height-default\" data-id=\"b598162\" data-element_type=\"section\">\n\t\t\t\t\t\t<div class=\"elementor-container elementor-column-gap-default\">\n\t\t\t\t\t<div class=\"elementor-column elementor-col-100 elementor-top-column elementor-element elementor-element-53b9fb8\" data-id=\"53b9fb8\" data-element_type=\"column\">\n\t\t\t<div class=\"elementor-widget-wrap elementor-element-populated\">\n\t\t\t\t\t\t<div class=\"elementor-element elementor-element-a0c24f1 elementor-widget elementor-widget-shortcode\" data-id=\"a0c24f1\" data-element_type=\"widget\" data-widget_type=\"shortcode.default\">\n\t\t\t\t<div class=\"elementor-widget-container\">\n\t\t\t\t\t\t\t<div class=\"elementor-shortcode\"><div class=\"wrap-html-sitemap sp-html-sitemap\"><div class=\"sp-wrap-cpt\"><h2 class=\"sp-cpt-name\">pages<\/h2><ul class=\"sp-list-posts sp-cpt-hierarchical\"><li class=\"page_item page-item-62\"><a href=\"https:\/\/www.iotgallop.com\/fr\/about-us\/\">\u00c0 propos de nous<\/a><\/li><li class=\"page_item page-item-74\"><a href=\"https:\/\/www.iotgallop.com\/fr\/contact-us\/\">Nous contacter<\/a><\/li><li class=\"page_item page-item-3\"><a href=\"https:\/\/www.iotgallop.com\/fr\/privacy-policy\/\">Politique de confidentialit\u00e9<\/a><\/li><li class=\"page_item page-item-1361\"><a href=\"https:\/\/www.iotgallop.com\/fr\/thank-you\/\">Merci<\/a><\/li><li class=\"page_item page-item-1975\"><a href=\"https:\/\/www.iotgallop.com\/fr\/rfid-tags\/\">Tags RFID<\/a><ul class='children'><li class=\"page_item page-item-1980\"><a href=\"https:\/\/www.iotgallop.com\/fr\/rfid-tags\/rfid-stickers\/\">Autocollants RFID<\/a><\/li><li class=\"page_item page-item-2162\"><a href=\"https:\/\/www.iotgallop.com\/fr\/rfid-tags\/nfc-tags\/\">Tags NFC<\/a><\/li><li class=\"page_item page-item-2181\"><a href=\"https:\/\/www.iotgallop.com\/fr\/rfid-tags\/anti-metal-rfid-tags\/\">Tags RFID anti-m\u00e9tal<\/a><\/li><li class=\"page_item page-item-2237\"><a href=\"https:\/\/www.iotgallop.com\/fr\/rfid-tags\/epoxy-rfid-tags\/\">\u00c9tiquettes RFID en \u00e9poxy<\/a><\/li><li class=\"page_item page-item-2265\"><a href=\"https:\/\/www.iotgallop.com\/fr\/rfid-tags\/rfid-key-fob\/\">Porte-cl\u00e9s RFID<\/a><\/li><li class=\"page_item page-item-2351\"><a href=\"https:\/\/www.iotgallop.com\/fr\/rfid-tags\/rfid-animal-tags\/\">Tags RFID pour animaux<\/a><\/li><li class=\"page_item page-item-2500\"><a href=\"https:\/\/www.iotgallop.com\/fr\/rfid-tags\/rfid-laundry-tags\/\">Tags RFID pour le linge<\/a><\/li><li class=\"page_item page-item-2557\"><a href=\"https:\/\/www.iotgallop.com\/fr\/rfid-tags\/asset-tracking-rfid-tags\/\">Suivi des actifs Tags RFID<\/a><\/li><li class=\"page_item page-item-2603\"><a href=\"https:\/\/www.iotgallop.com\/fr\/rfid-tags\/rfid-vehicle-tags\/\">Tags RFID pour v\u00e9hicules<\/a><\/li><li class=\"page_item page-item-3440\"><a href=\"https:\/\/www.iotgallop.com\/fr\/rfid-tags\/rfid-library-tags\/\">Tags RFID pour biblioth\u00e8ques<\/a><\/li><li class=\"page_item page-item-3462\"><a href=\"https:\/\/www.iotgallop.com\/fr\/rfid-tags\/rfid-jewelry-tags\/\">Etiquettes RFID pour bijoux<\/a><\/li><li class=\"page_item page-item-3544\"><a href=\"https:\/\/www.iotgallop.com\/fr\/rfid-tags\/nfc-inlays\/\">Incrustations RFID<\/a><\/li><\/ul><\/li><li class=\"page_item page-item-2382\"><a href=\"https:\/\/www.iotgallop.com\/fr\/rfid-wristbands\/\">Bracelets RFID<\/a><ul class='children'><li class=\"page_item page-item-2385\"><a href=\"https:\/\/www.iotgallop.com\/fr\/rfid-wristbands\/rfid-silicone-wristbands\/\">Bracelets en silicone RFID<\/a><\/li><li class=\"page_item page-item-3309\"><a href=\"https:\/\/www.iotgallop.com\/fr\/rfid-wristbands\/rfid-fabric-wristbands\/\">Bracelets en tissu RFID<\/a><\/li><li class=\"page_item page-item-3499\"><a href=\"https:\/\/www.iotgallop.com\/fr\/rfid-wristbands\/nfc-wristbands\/\">Bracelets NFC<\/a><\/li><\/ul><\/li><li class=\"page_item page-item-2524\"><a href=\"https:\/\/www.iotgallop.com\/fr\/rfid-cards\/\">Cartes RFID<\/a><ul class='children'><li class=\"page_item page-item-2528\"><a href=\"https:\/\/www.iotgallop.com\/fr\/rfid-cards\/nfc-cards\/\">Cartes NFC<\/a><\/li><li class=\"page_item page-item-2573\"><a href=\"https:\/\/www.iotgallop.com\/fr\/rfid-cards\/hotel-key-cards\/\">Cartes-cl\u00e9s d'h\u00f4tel<\/a><\/li><\/ul><\/li><li class=\"page_item page-item-2644\"><a href=\"https:\/\/www.iotgallop.com\/fr\/\">Accueil<\/a><\/li><li class=\"page_item page-item-3079\"><a href=\"https:\/\/www.iotgallop.com\/fr\/rfid-blog\/\">Blog sur la RFID<\/a><\/li><li class=\"page_item page-item-3119\"><a href=\"https:\/\/www.iotgallop.com\/fr\/site-map\/\">Plan du site<\/a><\/li><\/ul><\/div><div class=\"sp-wrap-cpt\"><h2 class=\"sp-cpt-name\">Des articles<\/h2><div class=\"sp-wrap-cats\"><div class=\"sp-wrap-cat\"><h3 class=\"sp-cat-name\"><a href=\"https:\/\/www.iotgallop.com\/fr\/application\/\">Application<\/a><\/h3><ul class=\"sp-list-posts\"><li><a href=\"https:\/\/www.iotgallop.com\/fr\/using-rfid-for-inventory-management\/\">Utilisation de la RFID pour la gestion des stocks<\/a><\/li><li><a href=\"https:\/\/www.iotgallop.com\/fr\/rfid-technology-for-cattle-tracking\/\">Technologie RFID pour le suivi du b\u00e9tail<\/a><\/li><li><a href=\"https:\/\/www.iotgallop.com\/fr\/6-examples-of-rfid-tool-tracking\/\">6 exemples de suivi d'outils RFID<\/a><\/li><li><a href=\"https:\/\/www.iotgallop.com\/fr\/uses-of-rfid-tags-in-school-you-need-to-know\/\">Utilisations des \u00e9tiquettes RFID \u00e0 l'\u00e9cole : ce que vous devez savoir<\/a><\/li><li><a href=\"https:\/\/www.iotgallop.com\/fr\/rfid-access-control-bracelets-for-event\/\">Bracelets de contr\u00f4le d'acc\u00e8s RFID pour les \u00e9v\u00e9nements<\/a><\/li><li><a href=\"https:\/\/www.iotgallop.com\/fr\/what-is-the-application-of-rfid-system-for-public-transportation\/\">Quelle est l'application du syst\u00e8me RFID pour les transports publics ?<\/a><\/li><li><a href=\"https:\/\/www.iotgallop.com\/fr\/using-rfid-for-events\/\">Les 15 principaux avantages de l'utilisation de la RFID pour les \u00e9v\u00e9nements<\/a><\/li><li><a href=\"https:\/\/www.iotgallop.com\/fr\/the-benefits-and-barriers-to-rfid-technology-in-hospitals\/\">Les avantages et les obstacles de la technologie RFID dans les h\u00f4pitaux<\/a><\/li><li><a href=\"https:\/\/www.iotgallop.com\/fr\/discover-the-benefits-of-rfid-in-the-hotel-industry\/\">D\u00e9couvrez les avantages de la RFID dans l&#039;industrie h\u00f4teli\u00e8re<\/a><\/li><li><a href=\"https:\/\/www.iotgallop.com\/fr\/leveraging-rfid-for-event-monitoring\/\">Tirer parti de la RFID pour la surveillance des \u00e9v\u00e9nements<\/a><\/li><\/ul><\/div><div class=\"sp-wrap-cat\"><h3 class=\"sp-cat-name\"><a href=\"https:\/\/www.iotgallop.com\/fr\/basics\/\">Principes de base<\/a><\/h3><ul class=\"sp-list-posts\"><li><a href=\"https:\/\/www.iotgallop.com\/fr\/rfid-vs-barcode\/\">RFID VS Barcode\u00a0: lequel est le meilleur pour votre syst\u00e8me\u00a0?<\/a><\/li><li><a href=\"https:\/\/www.iotgallop.com\/fr\/difference-between-ntag213-ntag215-and-ntag216\/\">Quelle est la diff\u00e9rence entre Ntag213, Ntag215 et Ntag216\u00a0?<\/a><\/li><li><a href=\"https:\/\/www.iotgallop.com\/fr\/different-types-of-rfid-tags\/\">Tout savoir sur les diff\u00e9rents types d'\u00e9tiquettes RFID<\/a><\/li><li><a href=\"https:\/\/www.iotgallop.com\/fr\/nfc-vs-rfid\/\">NFC vs RFID\u00a0: quelle est la diff\u00e9rence entre eux\u00a0?<\/a><\/li><li><a href=\"https:\/\/www.iotgallop.com\/fr\/lf-hf-and-uhf-frequency\/\">Fr\u00e9quence LF, HF et UHF : Quelle est la diff\u00e9rence ?<\/a><\/li><li><a href=\"https:\/\/www.iotgallop.com\/fr\/what-is-the-ndef-format\/\">Qu'est-ce que le format NDEF ?<\/a><\/li><li><a href=\"https:\/\/www.iotgallop.com\/fr\/rfid-vs-nfc-what-is-the-difference\/\">RFID vs NFC - Quelle est la diff\u00e9rence ?<\/a><\/li><li><a href=\"https:\/\/www.iotgallop.com\/fr\/what-are-rfid-standards\/\">Que sont les normes RFID ?<\/a><\/li><li><a href=\"https:\/\/www.iotgallop.com\/fr\/the-beginners-guide-to-rfid\/\">Le guide de la RFID pour les d\u00e9butants<\/a><\/li><li><a href=\"https:\/\/www.iotgallop.com\/fr\/how-to-select-a-correct-rfid-tag-passive-vs-active\/\">Comment s\u00e9lectionner une \u00e9tiquette RFID correcte - passive ou active<\/a><\/li><li><a href=\"https:\/\/www.iotgallop.com\/fr\/what-is-rfid-asset-tracking\/\">Qu&#039;est-ce que le suivi des actifs RFID et comment \u00e7a marche\u00a0?<\/a><\/li><li><a href=\"https:\/\/www.iotgallop.com\/fr\/phones-with-nfc-in-2021-list-of-nfc-enabled-mobile-devices\/\">T\u00e9l\u00e9phones avec NFC en 2021-Liste des appareils mobiles compatibles NFC<\/a><\/li><li><a href=\"https:\/\/www.iotgallop.com\/fr\/a-beginners-guide-what-is-an-nfc-tag\/\">Guide du d\u00e9butant - Qu&#039;est-ce qu&#039;un tag NFC\u00a0?<\/a><\/li><li><a href=\"https:\/\/www.iotgallop.com\/fr\/what-are-rfid-chips\/\">Que sont les puces RFID ?<\/a><\/li><li><a href=\"https:\/\/www.iotgallop.com\/fr\/what-are-rfid-wristbands-how-does-it-work\/\">Que sont les bracelets RFID - Comment cela fonctionne-t-il ?<\/a><\/li><li><a href=\"https:\/\/www.iotgallop.com\/fr\/the-reason-why-everyone-love-nfc-wristband\/\">La raison pour laquelle tout le monde aime les bracelets NFC<\/a><\/li><li><a href=\"https:\/\/www.iotgallop.com\/fr\/rfid-wristbands-for-marketing\/\">Bracelets RFID pour le marketing<\/a><\/li><li><a href=\"https:\/\/www.iotgallop.com\/fr\/nfc-vs-bluetooth\/\">NFC et Bluetooth, quelle est la diff\u00e9rence ?<\/a><\/li><li><a href=\"https:\/\/www.iotgallop.com\/fr\/what-are-rfid-tags\/\">Voici tout ce que vous voulez savoir sur les \u00e9tiquettes RFID<\/a><\/li><li><a href=\"https:\/\/www.iotgallop.com\/fr\/music-festival-rfid-bracelets-make-management-easier\/\">Les bracelets RFID des festivals de musique facilitent la gestion<\/a><\/li><li><a href=\"https:\/\/www.iotgallop.com\/fr\/how-to-choose-lf-em-series-rfid-chip\/\">Comment choisir la puce RFID de la s\u00e9rie LF EM ? EM4100 ? EM4200 ? OU EM4305 ?<\/a><\/li><li><a href=\"https:\/\/www.iotgallop.com\/fr\/how-to-choose-rfid-mifare-chip\/\">Comment choisir une puce RFID MIFARE ? MIFARE S50 ? S70 ? Ultral\u00e9g\u00e8re C ?<\/a><\/li><li><a href=\"https:\/\/www.iotgallop.com\/fr\/nfc-forum-types-you-need-to-know\/\">Types de forums NFC que vous devez conna\u00eetre<\/a><\/li><li><a href=\"https:\/\/www.iotgallop.com\/fr\/a-guide-to-uhf-passive-rfid-tags\/\">Guide des \u00e9tiquettes RFID passives UHF<\/a><\/li><\/ul><\/div><div class=\"sp-wrap-cat\"><h3 class=\"sp-cat-name\"><a href=\"https:\/\/www.iotgallop.com\/fr\/tutorials\/\">Tutoriels<\/a><\/h3><ul class=\"sp-list-posts\"><li><a href=\"https:\/\/www.iotgallop.com\/fr\/the-easy-guide-to-making-your-own-amiibo-card\/\">Le guide facile pour cr\u00e9er votre propre carte Amiibo<\/a><\/li><li><a href=\"https:\/\/www.iotgallop.com\/fr\/nfc-tag-uses\/\">12 meilleures utilisations de balises NFC qui rendront votre vie amusante<\/a><\/li><li><a href=\"https:\/\/www.iotgallop.com\/fr\/how-to-use-nfc-on-iphone\/\">Comment utiliser NFC sur iPhone - Voici ce que vous devez savoir\u00a0!<\/a><\/li><li><a href=\"https:\/\/www.iotgallop.com\/fr\/how-to-program-nfc-tags\/\">Comment programmer les tags NFC<\/a><\/li><li><a href=\"https:\/\/www.iotgallop.com\/fr\/rfid-vs-nfc-what-is-the-difference\/\">RFID vs NFC - Quelle est la diff\u00e9rence ?<\/a><\/li><li><a href=\"https:\/\/www.iotgallop.com\/fr\/what-is-nfc-payment\/\">Qu&#039;est-ce que le paiement NFC ?<\/a><\/li><li><a href=\"https:\/\/www.iotgallop.com\/fr\/how-do-rfid-cards-work\/\">Comment fonctionnent les cartes RFID ?<\/a><\/li><li><a href=\"https:\/\/www.iotgallop.com\/fr\/microchip-implants-why-theyre-likely-to-be-a-thing\/\">Implants de micropuces\u00a0: pourquoi ils sont susceptibles d&#039;\u00eatre une chose<\/a><\/li><li><a href=\"https:\/\/www.iotgallop.com\/fr\/how-to-select-a-correct-rfid-tag-passive-vs-active\/\">Comment s\u00e9lectionner une \u00e9tiquette RFID correcte - passive ou active<\/a><\/li><li><a href=\"https:\/\/www.iotgallop.com\/fr\/using-rfid-for-events\/\">Les 15 principaux avantages de l'utilisation de la RFID pour les \u00e9v\u00e9nements<\/a><\/li><li><a href=\"https:\/\/www.iotgallop.com\/fr\/unique-features-and-benefits-of-custom-rfid-tags\/\">Caract\u00e9ristiques et avantages uniques des \u00e9tiquettes RFID personnalis\u00e9es<\/a><\/li><li><a href=\"https:\/\/www.iotgallop.com\/fr\/rfid-tag-buying-guide\/\">Comment acheter des \u00e9tiquettes RFID - Un guide d'achat d'\u00e9tiquettes RFID tout compris<\/a><\/li><li><a href=\"https:\/\/www.iotgallop.com\/fr\/the-reason-why-everyone-love-nfc-wristband\/\">La raison pour laquelle tout le monde aime les bracelets NFC<\/a><\/li><li><a href=\"https:\/\/www.iotgallop.com\/fr\/what-are-rfid-tags\/\">Voici tout ce que vous voulez savoir sur les \u00e9tiquettes RFID<\/a><\/li><li><a href=\"https:\/\/www.iotgallop.com\/fr\/how-rfid-card-blocker-works\/\">Comment fonctionne le bloqueur de cartes RFID<\/a><\/li><li><a href=\"https:\/\/www.iotgallop.com\/fr\/how-to-choose-rfid-mifare-chip\/\">Comment choisir une puce RFID MIFARE ? MIFARE S50 ? S70 ? Ultral\u00e9g\u00e8re C ?<\/a><\/li><li><a href=\"https:\/\/www.iotgallop.com\/fr\/a-guide-to-uhf-passive-rfid-tags\/\">Guide des \u00e9tiquettes RFID passives UHF<\/a><\/li><li><a href=\"https:\/\/www.iotgallop.com\/fr\/comparing-ic-and-rfid-cards-what-you-need-to-know\/\">Comparaison des cartes IC et RFID\u00a0: ce que vous devez savoir<\/a><\/li><li><a href=\"https:\/\/www.iotgallop.com\/fr\/discover-the-benefits-of-rfid-in-the-hotel-industry\/\">D\u00e9couvrez les avantages de la RFID dans l&#039;industrie h\u00f4teli\u00e8re<\/a><\/li><li><a href=\"https:\/\/www.iotgallop.com\/fr\/leveraging-rfid-for-event-monitoring\/\">Tirer parti de la RFID pour la surveillance des \u00e9v\u00e9nements<\/a><\/li><\/ul><\/div><\/div><\/div><\/div>\n<\/div>\n\t\t\t\t\t\t<\/div>\n\t\t\t\t<\/div>\n\t\t\t\t\t<\/div>\n\t\t<\/div>\n\t\t\t\t\t<\/div>\n\t\t<\/section>\n\t\t\t\t<section class=\"elementor-section elementor-top-section elementor-element elementor-element-4270a5a elementor-section-boxed elementor-section-height-default elementor-section-height-default\" data-id=\"4270a5a\" data-element_type=\"section\">\n\t\t\t\t\t\t<div class=\"elementor-container elementor-column-gap-default\">\n\t\t\t\t\t<div class=\"elementor-column elementor-col-100 elementor-top-column elementor-element elementor-element-3d3263d\" data-id=\"3d3263d\" data-element_type=\"column\">\n\t\t\t<div class=\"elementor-widget-wrap elementor-element-populated\">\n\t\t\t\t\t\t<div class=\"elementor-element elementor-element-f3d84b3 elementor-widget elementor-widget-text-editor\" data-id=\"f3d84b3\" data-element_type=\"widget\" data-widget_type=\"text-editor.default\">\n\t\t\t\t<div class=\"elementor-widget-container\">\n\t\t\t\t\t\t\t\t\t<p>En rapport: <a href=\"https:\/\/www.rfidfuture.com\/\" target=\"_blank\" rel=\"noopener\">rfidfuture.fr<\/a><\/p>\t\t\t\t\t\t\t\t<\/div>\n\t\t\t\t<\/div>\n\t\t\t\t\t<\/div>\n\t\t<\/div>\n\t\t\t\t\t<\/div>\n\t\t<\/section>\n\t\t\t\t<\/div>","protected":false},"excerpt":{"rendered":"<p>Connexe: rfidfuture.com<\/p>","protected":false},"author":2,"featured_media":0,"parent":0,"menu_order":0,"comment_status":"closed","ping_status":"closed","template":"elementor_header_footer","meta":{"_acf_changed":false,"_seopress_robots_primary_cat":"","_seopress_titles_title":"","_seopress_titles_desc":"","_seopress_robots_index":"","footnotes":""},"class_list":["post-3119","page","type-page","status-publish","hentry"],"acf":[],"_links":{"self":[{"href":"https:\/\/www.iotgallop.com\/fr\/wp-json\/wp\/v2\/pages\/3119","targetHints":{"allow":["GET"]}}],"collection":[{"href":"https:\/\/www.iotgallop.com\/fr\/wp-json\/wp\/v2\/pages"}],"about":[{"href":"https:\/\/www.iotgallop.com\/fr\/wp-json\/wp\/v2\/types\/page"}],"author":[{"embeddable":true,"href":"https:\/\/www.iotgallop.com\/fr\/wp-json\/wp\/v2\/users\/2"}],"replies":[{"embeddable":true,"href":"https:\/\/www.iotgallop.com\/fr\/wp-json\/wp\/v2\/comments?post=3119"}],"version-history":[{"count":11,"href":"https:\/\/www.iotgallop.com\/fr\/wp-json\/wp\/v2\/pages\/3119\/revisions"}],"predecessor-version":[{"id":3132,"href":"https:\/\/www.iotgallop.com\/fr\/wp-json\/wp\/v2\/pages\/3119\/revisions\/3132"}],"wp:attachment":[{"href":"https:\/\/www.iotgallop.com\/fr\/wp-json\/wp\/v2\/media?parent=3119"}],"curies":[{"name":"wp","href":"https:\/\/api.w.org\/{rel}","templated":true}]}}