{"id":3119,"date":"2022-07-14T22:43:22","date_gmt":"2022-07-15T06:43:22","guid":{"rendered":"https:\/\/www.iotgallop.com\/?page_id=3119"},"modified":"2022-10-06T01:20:26","modified_gmt":"2022-10-06T09:20:26","slug":"sitemap","status":"publish","type":"page","link":"https:\/\/www.iotgallop.com\/es\/site-map\/","title":{"rendered":"Mapa del sitio"},"content":{"rendered":"<div data-elementor-type=\"wp-page\" data-elementor-id=\"3119\" class=\"elementor elementor-3119\" data-elementor-post-type=\"page\">\n\t\t\t\t\t\t<section class=\"elementor-section elementor-top-section elementor-element elementor-element-b598162 elementor-section-boxed elementor-section-height-default elementor-section-height-default\" data-id=\"b598162\" data-element_type=\"section\">\n\t\t\t\t\t\t<div class=\"elementor-container elementor-column-gap-default\">\n\t\t\t\t\t<div class=\"elementor-column elementor-col-100 elementor-top-column elementor-element elementor-element-53b9fb8\" data-id=\"53b9fb8\" data-element_type=\"column\">\n\t\t\t<div class=\"elementor-widget-wrap elementor-element-populated\">\n\t\t\t\t\t\t<div class=\"elementor-element elementor-element-a0c24f1 elementor-widget elementor-widget-shortcode\" data-id=\"a0c24f1\" data-element_type=\"widget\" data-widget_type=\"shortcode.default\">\n\t\t\t\t<div class=\"elementor-widget-container\">\n\t\t\t\t\t\t\t<div class=\"elementor-shortcode\"><div class=\"wrap-html-sitemap sp-html-sitemap\"><div class=\"sp-wrap-cpt\"><h2 class=\"sp-cpt-name\">P\u00e1ginas<\/h2><ul class=\"sp-list-posts sp-cpt-hierarchical\"><li class=\"page_item page-item-62\"><a href=\"https:\/\/www.iotgallop.com\/es\/about-us\/\">Qui\u00e9nes somos<\/a><\/li><li class=\"page_item page-item-74\"><a href=\"https:\/\/www.iotgallop.com\/es\/contact-us\/\">Contacte con nosotros<\/a><\/li><li class=\"page_item page-item-3\"><a href=\"https:\/\/www.iotgallop.com\/es\/privacy-policy\/\">Pol\u00edtica de privacidad<\/a><\/li><li class=\"page_item page-item-1361\"><a href=\"https:\/\/www.iotgallop.com\/es\/thank-you\/\">Gracias<\/a><\/li><li class=\"page_item page-item-1975\"><a href=\"https:\/\/www.iotgallop.com\/es\/rfid-tags\/\">Etiquetas RFID<\/a><ul class='children'><li class=\"page_item page-item-1980\"><a href=\"https:\/\/www.iotgallop.com\/es\/rfid-tags\/rfid-stickers\/\">Adhesivos RFID<\/a><\/li><li class=\"page_item page-item-2162\"><a href=\"https:\/\/www.iotgallop.com\/es\/rfid-tags\/nfc-tags\/\">Etiquetas NFC<\/a><\/li><li class=\"page_item page-item-2181\"><a href=\"https:\/\/www.iotgallop.com\/es\/rfid-tags\/anti-metal-rfid-tags\/\">Etiquetas RFID anti metal<\/a><\/li><li class=\"page_item page-item-2237\"><a href=\"https:\/\/www.iotgallop.com\/es\/rfid-tags\/epoxy-rfid-tags\/\">Etiquetas RFID epoxi<\/a><\/li><li class=\"page_item page-item-2265\"><a href=\"https:\/\/www.iotgallop.com\/es\/rfid-tags\/rfid-key-fob\/\">Llavero RFID<\/a><\/li><li class=\"page_item page-item-2351\"><a href=\"https:\/\/www.iotgallop.com\/es\/rfid-tags\/rfid-animal-tags\/\">Etiquetas RFID para animales<\/a><\/li><li class=\"page_item page-item-2500\"><a href=\"https:\/\/www.iotgallop.com\/es\/rfid-tags\/rfid-laundry-tags\/\">Etiquetas RFID para lavander\u00eda<\/a><\/li><li class=\"page_item page-item-2557\"><a href=\"https:\/\/www.iotgallop.com\/es\/rfid-tags\/asset-tracking-rfid-tags\/\">Etiquetas RFID de seguimiento de activos<\/a><\/li><li class=\"page_item page-item-2603\"><a href=\"https:\/\/www.iotgallop.com\/es\/rfid-tags\/rfid-vehicle-tags\/\">Etiquetas RFID para veh\u00edculos<\/a><\/li><li class=\"page_item page-item-3440\"><a href=\"https:\/\/www.iotgallop.com\/es\/rfid-tags\/rfid-library-tags\/\">Etiquetas RFID para bibliotecas<\/a><\/li><li class=\"page_item page-item-3462\"><a href=\"https:\/\/www.iotgallop.com\/es\/rfid-tags\/rfid-jewelry-tags\/\">Etiquetas RFID para joyas<\/a><\/li><li class=\"page_item page-item-3544\"><a href=\"https:\/\/www.iotgallop.com\/es\/rfid-tags\/nfc-inlays\/\">Incrustaciones RFID<\/a><\/li><\/ul><\/li><li class=\"page_item page-item-2382\"><a href=\"https:\/\/www.iotgallop.com\/es\/rfid-wristbands\/\">Pulseras RFID<\/a><ul class='children'><li class=\"page_item page-item-2385\"><a href=\"https:\/\/www.iotgallop.com\/es\/rfid-wristbands\/rfid-silicone-wristbands\/\">Pulseras de silicona RFID<\/a><\/li><li class=\"page_item page-item-3309\"><a href=\"https:\/\/www.iotgallop.com\/es\/rfid-wristbands\/rfid-fabric-wristbands\/\">Pulseras de tela RFID<\/a><\/li><li class=\"page_item page-item-3499\"><a href=\"https:\/\/www.iotgallop.com\/es\/rfid-wristbands\/nfc-wristbands\/\">Pulseras NFC<\/a><\/li><\/ul><\/li><li class=\"page_item page-item-2524\"><a href=\"https:\/\/www.iotgallop.com\/es\/rfid-cards\/\">Tarjetas RFID<\/a><ul class='children'><li class=\"page_item page-item-2528\"><a href=\"https:\/\/www.iotgallop.com\/es\/rfid-cards\/nfc-cards\/\">Tarjetas NFC<\/a><\/li><li class=\"page_item page-item-2573\"><a href=\"https:\/\/www.iotgallop.com\/es\/rfid-cards\/hotel-key-cards\/\">Tarjetas llave de hotel<\/a><\/li><\/ul><\/li><li class=\"page_item page-item-2644\"><a href=\"https:\/\/www.iotgallop.com\/es\/\">Inicio<\/a><\/li><li class=\"page_item page-item-3079\"><a href=\"https:\/\/www.iotgallop.com\/es\/rfid-blog\/\">Blog de RFID<\/a><\/li><li class=\"page_item page-item-3119\"><a href=\"https:\/\/www.iotgallop.com\/es\/site-map\/\">Mapa del sitio<\/a><\/li><\/ul><\/div><div class=\"sp-wrap-cpt\"><h2 class=\"sp-cpt-name\">Entradas<\/h2><div class=\"sp-wrap-cats\"><div class=\"sp-wrap-cat\"><h3 class=\"sp-cat-name\"><a href=\"https:\/\/www.iotgallop.com\/es\/application\/\">Solicitud<\/a><\/h3><ul class=\"sp-list-posts\"><li><a href=\"https:\/\/www.iotgallop.com\/es\/using-rfid-for-inventory-management\/\">Uso de RFID para la gesti\u00f3n de inventario<\/a><\/li><li><a href=\"https:\/\/www.iotgallop.com\/es\/rfid-technology-for-cattle-tracking\/\">Tecnolog\u00eda RFID para seguimiento de ganado<\/a><\/li><li><a href=\"https:\/\/www.iotgallop.com\/es\/6-examples-of-rfid-tool-tracking\/\">6 ejemplos de seguimiento de herramientas RFID<\/a><\/li><li><a href=\"https:\/\/www.iotgallop.com\/es\/uses-of-rfid-tags-in-school-you-need-to-know\/\">Usos de las etiquetas RFID en la escuela que necesita saber<\/a><\/li><li><a href=\"https:\/\/www.iotgallop.com\/es\/rfid-access-control-bracelets-for-event\/\">Pulseras de control de acceso RFID para eventos<\/a><\/li><li><a href=\"https:\/\/www.iotgallop.com\/es\/what-is-the-application-of-rfid-system-for-public-transportation\/\">\u00bfCu\u00e1l es la aplicaci\u00f3n del sistema RFID para el transporte p\u00fablico?<\/a><\/li><li><a href=\"https:\/\/www.iotgallop.com\/es\/using-rfid-for-events\/\">Los 15 principales beneficios de usar RFID para eventos<\/a><\/li><li><a href=\"https:\/\/www.iotgallop.com\/es\/the-benefits-and-barriers-to-rfid-technology-in-hospitals\/\">Los beneficios y las barreras de la tecnolog\u00eda RFID en los hospitales<\/a><\/li><li><a href=\"https:\/\/www.iotgallop.com\/es\/discover-the-benefits-of-rfid-in-the-hotel-industry\/\">Descubre los Beneficios de RFID en la Industria Hotelera<\/a><\/li><li><a href=\"https:\/\/www.iotgallop.com\/es\/leveraging-rfid-for-event-monitoring\/\">Aprovechamiento de RFID para el monitoreo de eventos<\/a><\/li><\/ul><\/div><div class=\"sp-wrap-cat\"><h3 class=\"sp-cat-name\"><a href=\"https:\/\/www.iotgallop.com\/es\/basics\/\">Conceptos b\u00e1sicos<\/a><\/h3><ul class=\"sp-list-posts\"><li><a href=\"https:\/\/www.iotgallop.com\/es\/rfid-vs-barcode\/\">RFID VS Barcode: \u00bfCu\u00e1l es mejor para su sistema?<\/a><\/li><li><a href=\"https:\/\/www.iotgallop.com\/es\/difference-between-ntag213-ntag215-and-ntag216\/\">\u00bfCu\u00e1l es la diferencia entre Ntag213, Ntag215 y Ntag216?<\/a><\/li><li><a href=\"https:\/\/www.iotgallop.com\/es\/different-types-of-rfid-tags\/\">Aprenda todo sobre los diferentes tipos de etiquetas RFID<\/a><\/li><li><a href=\"https:\/\/www.iotgallop.com\/es\/nfc-vs-rfid\/\">NFC vs. RFID: \u00bfCu\u00e1l es la diferencia entre ellos?<\/a><\/li><li><a href=\"https:\/\/www.iotgallop.com\/es\/lf-hf-and-uhf-frequency\/\">Frecuencia LF, HF y UHF: \u00bfCu\u00e1l es la diferencia?<\/a><\/li><li><a href=\"https:\/\/www.iotgallop.com\/es\/what-is-the-ndef-format\/\">\u00bfQu\u00e9 es el formato NDEF?<\/a><\/li><li><a href=\"https:\/\/www.iotgallop.com\/es\/rfid-vs-nfc-what-is-the-difference\/\">RFID frente a NFC: \u00bfcu\u00e1l es la diferencia?<\/a><\/li><li><a href=\"https:\/\/www.iotgallop.com\/es\/what-are-rfid-standards\/\">\u00bfQu\u00e9 son las normas RFID?<\/a><\/li><li><a href=\"https:\/\/www.iotgallop.com\/es\/the-beginners-guide-to-rfid\/\">La gu\u00eda para principiantes de la RFID<\/a><\/li><li><a href=\"https:\/\/www.iotgallop.com\/es\/how-to-select-a-correct-rfid-tag-passive-vs-active\/\">C\u00f3mo seleccionar una etiqueta RFID correcta: pasiva frente a activa<\/a><\/li><li><a href=\"https:\/\/www.iotgallop.com\/es\/what-is-rfid-asset-tracking\/\">\u00bfQu\u00e9 es el seguimiento de activos RFID y c\u00f3mo funciona?<\/a><\/li><li><a href=\"https:\/\/www.iotgallop.com\/es\/phones-with-nfc-in-2021-list-of-nfc-enabled-mobile-devices\/\">Tel\u00e9fonos con NFC en 2021-Lista de dispositivos m\u00f3viles habilitados para NFC<\/a><\/li><li><a href=\"https:\/\/www.iotgallop.com\/es\/a-beginners-guide-what-is-an-nfc-tag\/\">Una gu\u00eda para principiantes: \u00bfQu\u00e9 es una etiqueta NFC?<\/a><\/li><li><a href=\"https:\/\/www.iotgallop.com\/es\/what-are-rfid-chips\/\">\u00bfQu\u00e9 son los chips RFID?<\/a><\/li><li><a href=\"https:\/\/www.iotgallop.com\/es\/what-are-rfid-wristbands-how-does-it-work\/\">\u00bfQu\u00e9 son las pulseras RFID? \u00bfC\u00f3mo funcionan?<\/a><\/li><li><a href=\"https:\/\/www.iotgallop.com\/es\/the-reason-why-everyone-love-nfc-wristband\/\">La raz\u00f3n por la que todo el mundo ama la pulsera NFC<\/a><\/li><li><a href=\"https:\/\/www.iotgallop.com\/es\/rfid-wristbands-for-marketing\/\">Pulseras RFID para marketing<\/a><\/li><li><a href=\"https:\/\/www.iotgallop.com\/es\/nfc-vs-bluetooth\/\">NFC vs. Bluetooth, \u00bfcu\u00e1l es la diferencia?<\/a><\/li><li><a href=\"https:\/\/www.iotgallop.com\/es\/what-are-rfid-tags\/\">Aqu\u00ed est\u00e1 todo lo que quiere saber sobre las etiquetas RFID<\/a><\/li><li><a href=\"https:\/\/www.iotgallop.com\/es\/music-festival-rfid-bracelets-make-management-easier\/\">Las pulseras RFID para festivales de m\u00fasica facilitan la gesti\u00f3n<\/a><\/li><li><a href=\"https:\/\/www.iotgallop.com\/es\/how-to-choose-lf-em-series-rfid-chip\/\">\u00bfC\u00f3mo elegir un chip RFID de la serie EM de LF? \u00bfEM4100? \u00bfEM4200? \u00bfO EM4305?<\/a><\/li><li><a href=\"https:\/\/www.iotgallop.com\/es\/how-to-choose-rfid-mifare-chip\/\">\u00bfC\u00f3mo elegir un chip RFID MIFARE? \u00bfMIFARE S50? S70? \u00bfUltralight C?<\/a><\/li><li><a href=\"https:\/\/www.iotgallop.com\/es\/nfc-forum-types-you-need-to-know\/\">Tipos de foros NFC que debe conocer<\/a><\/li><li><a href=\"https:\/\/www.iotgallop.com\/es\/a-guide-to-uhf-passive-rfid-tags\/\">Una gu\u00eda para las etiquetas RFID pasivas UHF<\/a><\/li><\/ul><\/div><div class=\"sp-wrap-cat\"><h3 class=\"sp-cat-name\"><a href=\"https:\/\/www.iotgallop.com\/es\/tutorials\/\">Tutoriales<\/a><\/h3><ul class=\"sp-list-posts\"><li><a href=\"https:\/\/www.iotgallop.com\/es\/the-easy-guide-to-making-your-own-amiibo-card\/\">La gu\u00eda f\u00e1cil para hacer tu propia tarjeta Amiibo<\/a><\/li><li><a href=\"https:\/\/www.iotgallop.com\/es\/nfc-tag-uses\/\">Los 12 mejores usos de las etiquetas NFC que har\u00e1n que tu vida sea divertida<\/a><\/li><li><a href=\"https:\/\/www.iotgallop.com\/es\/how-to-use-nfc-on-iphone\/\">C\u00f3mo usar NFC en iPhone: \u00a1esto es lo que necesita saber!<\/a><\/li><li><a href=\"https:\/\/www.iotgallop.com\/es\/how-to-program-nfc-tags\/\">C\u00f3mo programar etiquetas NFC<\/a><\/li><li><a href=\"https:\/\/www.iotgallop.com\/es\/rfid-vs-nfc-what-is-the-difference\/\">RFID frente a NFC: \u00bfcu\u00e1l es la diferencia?<\/a><\/li><li><a href=\"https:\/\/www.iotgallop.com\/es\/what-is-nfc-payment\/\">\u00bfQu\u00e9 es el pago NFC?<\/a><\/li><li><a href=\"https:\/\/www.iotgallop.com\/es\/how-do-rfid-cards-work\/\">\u00bfC\u00f3mo funcionan las tarjetas RFID?<\/a><\/li><li><a href=\"https:\/\/www.iotgallop.com\/es\/microchip-implants-why-theyre-likely-to-be-a-thing\/\">Implantes de microchip: por qu\u00e9 es probable que sean una cosa<\/a><\/li><li><a href=\"https:\/\/www.iotgallop.com\/es\/how-to-select-a-correct-rfid-tag-passive-vs-active\/\">C\u00f3mo seleccionar una etiqueta RFID correcta: pasiva frente a activa<\/a><\/li><li><a href=\"https:\/\/www.iotgallop.com\/es\/using-rfid-for-events\/\">Los 15 principales beneficios de usar RFID para eventos<\/a><\/li><li><a href=\"https:\/\/www.iotgallop.com\/es\/unique-features-and-benefits-of-custom-rfid-tags\/\">Caracter\u00edsticas y beneficios \u00fanicos de las etiquetas RFID personalizadas<\/a><\/li><li><a href=\"https:\/\/www.iotgallop.com\/es\/rfid-tag-buying-guide\/\">C\u00f3mo comprar etiquetas RFID - Gu\u00eda de compra de etiquetas RFID con todo incluido<\/a><\/li><li><a href=\"https:\/\/www.iotgallop.com\/es\/the-reason-why-everyone-love-nfc-wristband\/\">La raz\u00f3n por la que todo el mundo ama la pulsera NFC<\/a><\/li><li><a href=\"https:\/\/www.iotgallop.com\/es\/what-are-rfid-tags\/\">Aqu\u00ed est\u00e1 todo lo que quiere saber sobre las etiquetas RFID<\/a><\/li><li><a href=\"https:\/\/www.iotgallop.com\/es\/how-rfid-card-blocker-works\/\">C\u00f3mo funciona el bloqueador de tarjetas RFID<\/a><\/li><li><a href=\"https:\/\/www.iotgallop.com\/es\/how-to-choose-rfid-mifare-chip\/\">\u00bfC\u00f3mo elegir un chip RFID MIFARE? \u00bfMIFARE S50? S70? \u00bfUltralight C?<\/a><\/li><li><a href=\"https:\/\/www.iotgallop.com\/es\/a-guide-to-uhf-passive-rfid-tags\/\">Una gu\u00eda para las etiquetas RFID pasivas UHF<\/a><\/li><li><a href=\"https:\/\/www.iotgallop.com\/es\/comparing-ic-and-rfid-cards-what-you-need-to-know\/\">Comparaci\u00f3n de tarjetas IC y RFID: lo que necesita saber<\/a><\/li><li><a href=\"https:\/\/www.iotgallop.com\/es\/discover-the-benefits-of-rfid-in-the-hotel-industry\/\">Descubre los Beneficios de RFID en la Industria Hotelera<\/a><\/li><li><a href=\"https:\/\/www.iotgallop.com\/es\/leveraging-rfid-for-event-monitoring\/\">Aprovechamiento de RFID para el monitoreo de eventos<\/a><\/li><\/ul><\/div><\/div><\/div><\/div>\n<\/div>\n\t\t\t\t\t\t<\/div>\n\t\t\t\t<\/div>\n\t\t\t\t\t<\/div>\n\t\t<\/div>\n\t\t\t\t\t<\/div>\n\t\t<\/section>\n\t\t\t\t<section class=\"elementor-section elementor-top-section elementor-element elementor-element-4270a5a elementor-section-boxed elementor-section-height-default elementor-section-height-default\" data-id=\"4270a5a\" data-element_type=\"section\">\n\t\t\t\t\t\t<div class=\"elementor-container elementor-column-gap-default\">\n\t\t\t\t\t<div class=\"elementor-column elementor-col-100 elementor-top-column elementor-element elementor-element-3d3263d\" data-id=\"3d3263d\" data-element_type=\"column\">\n\t\t\t<div class=\"elementor-widget-wrap elementor-element-populated\">\n\t\t\t\t\t\t<div class=\"elementor-element elementor-element-f3d84b3 elementor-widget elementor-widget-text-editor\" data-id=\"f3d84b3\" data-element_type=\"widget\" data-widget_type=\"text-editor.default\">\n\t\t\t\t<div class=\"elementor-widget-container\">\n\t\t\t\t\t\t\t\t\t<p>Relacionado: <a href=\"https:\/\/www.rfidfuture.com\/\" target=\"_blank\" rel=\"noopener\">rfidfuture.com<\/a><\/p>\t\t\t\t\t\t\t\t<\/div>\n\t\t\t\t<\/div>\n\t\t\t\t\t<\/div>\n\t\t<\/div>\n\t\t\t\t\t<\/div>\n\t\t<\/section>\n\t\t\t\t<\/div>","protected":false},"excerpt":{"rendered":"<p>Relacionado: rfidfuture.com<\/p>","protected":false},"author":2,"featured_media":0,"parent":0,"menu_order":0,"comment_status":"closed","ping_status":"closed","template":"elementor_header_footer","meta":{"_acf_changed":false,"_seopress_robots_primary_cat":"","_seopress_titles_title":"","_seopress_titles_desc":"","_seopress_robots_index":"","footnotes":""},"class_list":["post-3119","page","type-page","status-publish","hentry"],"acf":[],"_links":{"self":[{"href":"https:\/\/www.iotgallop.com\/es\/wp-json\/wp\/v2\/pages\/3119","targetHints":{"allow":["GET"]}}],"collection":[{"href":"https:\/\/www.iotgallop.com\/es\/wp-json\/wp\/v2\/pages"}],"about":[{"href":"https:\/\/www.iotgallop.com\/es\/wp-json\/wp\/v2\/types\/page"}],"author":[{"embeddable":true,"href":"https:\/\/www.iotgallop.com\/es\/wp-json\/wp\/v2\/users\/2"}],"replies":[{"embeddable":true,"href":"https:\/\/www.iotgallop.com\/es\/wp-json\/wp\/v2\/comments?post=3119"}],"version-history":[{"count":11,"href":"https:\/\/www.iotgallop.com\/es\/wp-json\/wp\/v2\/pages\/3119\/revisions"}],"predecessor-version":[{"id":3132,"href":"https:\/\/www.iotgallop.com\/es\/wp-json\/wp\/v2\/pages\/3119\/revisions\/3132"}],"wp:attachment":[{"href":"https:\/\/www.iotgallop.com\/es\/wp-json\/wp\/v2\/media?parent=3119"}],"curies":[{"name":"wp","href":"https:\/\/api.w.org\/{rel}","templated":true}]}}